{"id":10,"date":"2005-10-22T17:35:15","date_gmt":"2005-10-22T15:35:15","guid":{"rendered":"http:\/\/www.sunfeel.de\/wordpress\/?page_id=10"},"modified":"2008-01-14T14:04:17","modified_gmt":"2008-01-14T13:04:17","slug":"willkommen-beim-tourblog-von-phillip-boa-and-the-voodooclub","status":"publish","type":"page","link":"https:\/\/www.sunfeel.de\/tourblog\/willkommen-beim-tourblog-von-phillip-boa-and-the-voodooclub\/","title":{"rendered":"Info zum Tour-Weblog von Phillip Boa And The Voodooclub"},"content":{"rendered":"<p>Erstmals zur <strong>&#8222;Decadence &amp; Isolation&#8220;<\/strong>-Tour 2005 gab es ein Boa-Blog, das\u00a0aktuell \u00fcber das Tourgeschehen informiert. Seitdem werden Gigs und Tourneen von den Fanpage-Webmastern mit Eindr\u00fccken, News, Infos, Bildern und Videos an dieser Stelle begleitet. Auch zur Tour zum\u00a0Album <strong>&#8222;Faking To Blend In&#8220;<\/strong> gab es\u00a0Setlisten, Impressionen sowie Onstage- und Backstage-Berichte. In dieser Tradition werden auch zuk\u00fcnftig die\u00a0Boa-Auftritte aus\u00a0direkter N\u00e4he begleitet werden und Ihr k\u00f6nnt es hier nachlesen.\u00a0<\/p>\n<h3>Eine kleine Hilfe:<\/h3>\n<p>Hauptbestandteil jedes Weblogs sind die Beitr\u00e4ge oder Posts. Es gibt beim Blog zwei Ansichtsm\u00f6glichkeiten: der Modus &#8222;Details eines Beitrags&#8220;, bei dem der gesamte Inhalt eines Beitrags (inklusive der Kommentare und Bilder) Seite f\u00fcr Seite angezeigt wird, oder der Modus &#8222;Listing&#8220; (mit oder ohne Details des Beitrags), bei dem die Titel und eventuell die Kurzfassung mehrerer Beitr\u00e4ge auf einer Seite angezeigt werden, allerdings ohne Kommentare. Bei letzterem Modus k\u00f6nnt Ihr jederzeit auf einen Beitrag Eurer Wahl klicken, um den gesamten Beitrag mit Kommentaren einzusehen. Im Modus &#8222;Listing&#8220; stehen neue Eintr\u00e4ge\u00a0an oberster Stelle, \u00e4ltere folgen in umgekehrt chronologischer Reihenfolge. In der Detailansicht k\u00f6nnt Ihr zum jeweils vorherigen oder n\u00e4chsten Beitrag wechseln, in dem Ihr die Links am Ende der Seite nutzt.<\/p>\n<p>Im linken Sidebar-Bereich habt Ihr die M\u00f6glichkeit, Euch nur Beitr\u00e4ge einer bestimmten Kategorie oder eines Datums oder Monats anzeigen zu lassen oder aber nach Stichw\u00f6rtern in den Beitr\u00e4gen zu suchen.<\/p>\n<p>Zudem findet Ihr oben im Sidebarbereich der\u00a0Startseite\u00a0Links auf feste Seiten. Darin sind z.B. Tourinterviews und Termine festgehalten. Diese Seiten finden sich nicht in den Beitragslistings wieder.<\/p>\n<h3>Die Kommentarfunktion<\/h3>\n<p>Ihr als Besucher k\u00f6nnt durch die Kommentarfunktion dieses Blog aktiv gestalten, f\u00fcr uns ist dies zugleich wertvolles Feedback zu den Beitr\u00e4gen. Also tauscht Eure Meinungen zu den Artikeln aus, in dem Ihr bei den einzelnen Beitr\u00e4gen einen Kommentar abgebt. In jedem Beitrag findet Ihr am Ende des Artikels die M\u00f6glichkeit einen Kommentar zu hinterlassen, sofern die Funktion nicht gesperrt ist.<\/p>\n<h3>Jeder wie er es mag<\/h3>\n<p>Ihr k\u00f6nnt das Layout dieses Weblogs selbst ausw\u00e4hlen, in dem Ihr auf der Startseite unter &#8222;Styles&#8220; Euren Lieblingsstyle w\u00e4hlt. Dieses bleibt beim erneuten Besuch dieses Weblogs voreingestellt. Achtung: F\u00fcr diese Funktion m\u00fcssen Cookies in Deinem Browser aktiviert sein.<\/p>\n<h3>Was ist RSS?<\/h3>\n<p>Ein RSS Feed ist eine einfach aufgebaute XML-Datei, die man \u00fcber eine Scriptsprache (z.B. PHP) auslesen und in beliebige Seiten einf\u00fcgen kann. Im Wesentlichen enth\u00e4lt diese Datei den Titel und\u00a0Kurztext des Beitrages bzw. Kommentars. Es gibt\u00a0eine Vielzahl an RSS-Readern (auch Feedreader), die die Textinhalte eines Feeds\u00a0anzeigen k\u00f6nnen. Man spricht vom &#8222;Abonnieren&#8220; eines Feeds.\u00a0Mit dem Feedreader kann der Leser erkennen, dass es im abonnierten Weblog neue Beitr\u00e4ge gibt. Damit bleibt man auf dem Laufenden ohne selbst zur Webseite surfen zu m\u00fcssen.<br \/>\nWir stellen die Beitr\u00e4ge und Kommentare im RSS-Format 2.0 zur Verf\u00fcgung, die Links findet Ihr im unteren Bereich der Seite oder aber in der Startseiten-Sidebar links. Bei jedem Beitrag findet Ihr zudem einen Link zu einem RSS Feed, der alle Kommentare zum jeweiligen Artikel beinhaltet.<\/p>\n<h3>Was ist ein Trackback?<\/h3>\n<p>Ein Trackback ist eine Art Kommentar zu einem Artikel, nur eben nicht in diesem Weblog, sondern auf einem anderen Weblog. Damit die Diskussion dort weitergehen kann, wird mit einem Trackback ein kurzer Ausschnitt des Artikels inkl. Link an den Ursprungs-Artikel angeh\u00e4ngt. Dazu muss aus dem hiesigen Artikel\u00a0 die &#8222;Trackback-URL&#8220; kopiert und in den Artikel des anderen Weblogs eingef\u00fcgt werden. Bei jedem Beitrag ist die Trackback-URL links oben zu finden.<\/p>\n","protected":false},"excerpt":{"rendered":"<p>Erstmals zur <strong>&#8222;Decadence &amp; Isolation&#8220;<\/strong>-Tour 2005 gab es ein Boa-Blog, das\u00a0aktuell \u00fcber das Tourgeschehen informiert. Seitdem werden Gigs und Tourneen von den Fanpage-Webmastern mit Eindr\u00fccken, News, Infos, Bildern und Videos an dieser Stelle begleitet. Auch zur Tour zum\u00a0Album <strong>&#8222;Faking To Blend In&#8220;<\/strong> gab es\u00a0Setlisten, Impressionen sowie Onstage- und Backstage-Berichte. In dieser Tradition werden auch zuk\u00fcnftig die\u00a0Boa-Auftritte aus\u00a0direkter N\u00e4he begleitet werden und Ihr k\u00f6nnt es hier nachlesen.\u00a0<\/p>\n<h3>Eine kleine Hilfe:<\/h3>\n<p>Hauptbestandteil jedes Weblogs sind die Beitr\u00e4ge oder Posts. Es gibt beim Blog zwei Ansichtsm\u00f6glichkeiten: der Modus &#8222;Details eines Beitrags&#8220;, bei dem der gesamte Inhalt eines Beitrags (inklusive der Kommentare und Bilder) Seite f\u00fcr Seite angezeigt wird, oder der Modus &#8222;Listing&#8220; (mit oder ohne Details des Beitrags), bei dem die Titel und eventuell die Kurzfassung mehrerer Beitr\u00e4ge auf einer Seite angezeigt werden, allerdings ohne Kommentare. Bei letzterem Modus k\u00f6nnt Ihr jederzeit auf einen Beitrag Eurer Wahl klicken, um den gesamten Beitrag mit Kommentaren einzusehen. Im Modus &#8222;Listing&#8220; stehen neue Eintr\u00e4ge\u00a0an oberster Stelle, \u00e4ltere folgen in umgekehrt chronologischer Reihenfolge. In der Detailansicht k\u00f6nnt Ihr zum jeweils vorherigen oder n\u00e4chsten Beitrag wechseln, in dem Ihr die Links am Ende der Seite nutzt.<\/p>\n<p>Im linken Sidebar-Bereich habt Ihr die M\u00f6glichkeit, Euch nur Beitr\u00e4ge einer bestimmten Kategorie oder eines Datums oder Monats anzeigen zu lassen oder aber nach Stichw\u00f6rtern in den Beitr\u00e4gen zu suchen.<\/p>\n<p>Zudem findet Ihr oben im Sidebarbereich der\u00a0Startseite\u00a0Links auf feste Seiten. Darin sind z.B. Tourinterviews und Termine festgehalten. Diese Seiten finden sich nicht in den Beitragslistings wieder.<\/p>\n<h3>Die Kommentarfunktion<\/h3>\n<p>Ihr als Besucher k\u00f6nnt durch die Kommentarfunktion dieses Blog aktiv gestalten, f\u00fcr uns ist dies zugleich wertvolles Feedback zu den Beitr\u00e4gen. Also tauscht Eure Meinungen zu den Artikeln aus, in dem Ihr bei den einzelnen Beitr\u00e4gen einen Kommentar abgebt. In jedem Beitrag findet Ihr am Ende des Artikels die M\u00f6glichkeit einen Kommentar zu hinterlassen, sofern die Funktion nicht gesperrt ist.<\/p>\n<h3>Jeder wie er es mag<\/h3>\n<p>Ihr k\u00f6nnt das Layout dieses Weblogs selbst ausw\u00e4hlen, in dem Ihr auf der Startseite unter &#8222;Styles&#8220; Euren Lieblingsstyle w\u00e4hlt. Dieses bleibt beim erneuten Besuch dieses Weblogs voreingestellt. Achtung: F\u00fcr diese Funktion m\u00fcssen Cookies in Deinem Browser aktiviert sein.<\/p>\n<h3>Was ist RSS?<\/h3>\n<p>Ein RSS Feed ist eine einfach aufgebaute XML-Datei, die man \u00fcber eine Scriptsprache (z.B. PHP) auslesen und in beliebige Seiten einf\u00fcgen kann. Im Wesentlichen enth\u00e4lt diese Datei den Titel und\u00a0Kurztext des Beitrages bzw. Kommentars. Es gibt\u00a0eine Vielzahl an RSS-Readern (auch Feedreader), die die Textinhalte eines Feeds\u00a0anzeigen k\u00f6nnen. Man spricht vom &#8222;Abonnieren&#8220; eines Feeds.\u00a0Mit dem Feedreader kann der Leser erkennen, dass es im abonnierten Weblog neue Beitr\u00e4ge gibt. Damit bleibt man auf dem Laufenden ohne selbst zur Webseite surfen zu m\u00fcssen.<br \/>\nWir stellen die Beitr\u00e4ge und Kommentare im RSS-Format 2.0 zur Verf\u00fcgung, die Links findet Ihr im unteren Bereich der Seite oder aber in der Startseiten-Sidebar links. Bei jedem Beitrag findet Ihr zudem einen Link zu einem RSS Feed, der alle Kommentare zum jeweiligen Artikel beinhaltet.<\/p>\n<h3>Was ist ein Trackback?<\/h3>\n<p>Ein Trackback ist eine Art Kommentar zu einem Artikel, nur eben nicht in diesem Weblog, sondern auf einem anderen Weblog. Damit die Diskussion dort weitergehen kann, wird mit einem Trackback ein kurzer Ausschnitt des Artikels inkl. Link an den Ursprungs-Artikel angeh\u00e4ngt. Dazu muss aus dem hiesigen Artikel\u00a0 die &#8222;Trackback-URL&#8220; kopiert und in den Artikel des anderen Weblogs eingef\u00fcgt werden. Bei jedem Beitrag ist die Trackback-URL links oben zu finden.<\/p>\n","protected":false},"author":11,"featured_media":0,"parent":0,"menu_order":99,"comment_status":"closed","ping_status":"closed","template":"","meta":{"footnotes":""},"class_list":["post-10","page","type-page","status-publish","hentry"],"_links":{"self":[{"href":"https:\/\/www.sunfeel.de\/tourblog\/wp-json\/wp\/v2\/pages\/10","targetHints":{"allow":["GET"]}}],"collection":[{"href":"https:\/\/www.sunfeel.de\/tourblog\/wp-json\/wp\/v2\/pages"}],"about":[{"href":"https:\/\/www.sunfeel.de\/tourblog\/wp-json\/wp\/v2\/types\/page"}],"author":[{"embeddable":true,"href":"https:\/\/www.sunfeel.de\/tourblog\/wp-json\/wp\/v2\/users\/11"}],"replies":[{"embeddable":true,"href":"https:\/\/www.sunfeel.de\/tourblog\/wp-json\/wp\/v2\/comments?post=10"}],"version-history":[{"count":0,"href":"https:\/\/www.sunfeel.de\/tourblog\/wp-json\/wp\/v2\/pages\/10\/revisions"}],"wp:attachment":[{"href":"https:\/\/www.sunfeel.de\/tourblog\/wp-json\/wp\/v2\/media?parent=10"}],"curies":[{"name":"wp","href":"https:\/\/api.w.org\/{rel}","templated":true}]}}